{"id":72,"date":"2015-06-04T03:30:01","date_gmt":"2015-06-04T07:30:01","guid":{"rendered":"http:\/\/35.156.82.69\/?page_id=72"},"modified":"2018-09-11T13:34:06","modified_gmt":"2018-09-11T11:34:06","slug":"tax-structures","status":"publish","type":"page","link":"https:\/\/deri.hu\/hu\/legal-services\/tax-structures\/","title":{"rendered":"Ad\u00f3strukt\u00far\u00e1k"},"content":{"rendered":"<p><img decoding=\"async\" style=\"height: 290px; width: 635px;\" src=\"https:\/\/www.deri.hu\/wp-content\/uploads\/2015\/06\/tax.png\" alt=\"\" \/><\/p>\n<h4>Ad\u00f3 strukt\u00far\u00e1k<\/h4>\n<p>Irod\u00e1nk speci\u00e1lis szolg\u00e1ltat\u00e1sa a v\u00e1llalati, vagy jelent\u0151s mag\u00e1nvagyonnal rendelkez\u0151 mag\u00e1n\u00fcgyfeleink r\u00e9sz\u00e9re ny\u00fajtott ad\u00f3strukt\u00fara fel\u00e9p\u00edt\u00e9si tan\u00e1csad\u00e1s. Ezt a szolg\u00e1ltat\u00e1st jellemz\u0151en ad\u00f3tan\u00e1csad\u00f3kkal kar\u00f6ltve ny\u00fajtjuk. Az ilyen ad\u00f3strukt\u00far\u00e1k els\u0151sorban hat\u00e1ron \u00e1tny\u00fal\u00f3 fel\u00e9p\u00edtm\u00e9nyek, magyar \u00e9s k\u00fclf\u00f6ldi c\u00e9gek h\u00e1l\u00f3zata, amelyek azt a c\u00e9lt szolg\u00e1lj\u00e1k, hogy az \u00fcgyfel\u00fcnk lehet\u0151s\u00e9g szerint eg\u00e9szben vagy r\u00e9szben abban az orsz\u00e1gban ad\u00f3zzon, ahol az adott jogc\u00edm\u0171 bev\u00e9tel, j\u00f6vedelem a legkedvez\u0151bben ad\u00f3zik. Ezt a szakirodalomban ad\u00f3optimaliz\u00e1l\u00e1snak nevezik. <\/p>\n<p>Az optimaliz\u00e1l\u00e1si szolg\u00e1ltat\u00e1s gyakran k\u00fclf\u00f6ldi jogi tan\u00e1csad\u00f3k bevon\u00e1s\u00e1t is sz\u00fcks\u00e9gess\u00e9 teszi. Irod\u00e1nk kiterjedt nemzetk\u00f6zi kapcsolatokkal rendelkezik az EU tag\u00e1llamaiban, de harmadik orsz\u00e1gokban is fenntartunk egy\u00fcttm\u0171k\u00f6d\u00e9si kapcsolatokat. A vil\u00e1g ezekben az \u00e9vekben a 2008-as gazdas\u00e1gi vil\u00e1gv\u00e1ls\u00e1got k\u00f6vet\u0151en alapvet\u0151 v\u00e1ltoz\u00e1son megy kereszt\u00fcl, ami az ad\u00f3paradicsomok elt\u0171n\u00e9s\u00e9vel \u00e9s a tulajdonosi inform\u00e1ci\u00f3k eltitkol\u00e1sa lehet\u0151s\u00e9g\u00e9nek megsz\u0171n\u00e9s\u00e9vel j\u00e1r. Ebben a k\u00f6rnyezetben az ad\u00f3optimaliz\u00e1l\u00e1s az egyetlen legitim eszk\u00f6z, teh\u00e1t az eddigi \u00e9vtizedes, \u00fan. bej\u00e1ratott m\u00f3dszereket fel\u00fcl kell vizsg\u00e1lni \u00e9s helyettes\u00edteni a modern eszk\u00f6z\u00f6kkel. Irod\u00e1nk ebben is seg\u00edts\u00e9get \u00fcgyfeleinek.<\/p>\n","protected":false},"excerpt":{"rendered":"<p>Ad\u00f3 strukt\u00far\u00e1k Irod\u00e1nk speci\u00e1lis szolg\u00e1ltat\u00e1sa a v\u00e1llalati, vagy jelent\u0151s mag\u00e1nvagyonnal rendelkez\u0151 mag\u00e1n\u00fcgyfeleink r\u00e9sz\u00e9re ny\u00fajtott ad\u00f3strukt\u00fara fel\u00e9p\u00edt\u00e9si tan\u00e1csad\u00e1s. Ezt a szolg\u00e1ltat\u00e1st jellemz\u0151en ad\u00f3tan\u00e1csad\u00f3kkal kar\u00f6ltve ny\u00fajtjuk. Az ilyen ad\u00f3strukt\u00far\u00e1k els\u0151sorban hat\u00e1ron \u00e1tny\u00fal\u00f3 fel\u00e9p\u00edtm\u00e9nyek, magyar \u00e9s k\u00fclf\u00f6ldi c\u00e9gek h\u00e1l\u00f3zata, amelyek azt a c\u00e9lt szolg\u00e1lj\u00e1k, hogy az \u00fcgyfel\u00fcnk lehet\u0151s\u00e9g szerint eg\u00e9szben vagy r\u00e9szben abban az orsz\u00e1gban ad\u00f3zzon, ahol az [&hellip;]<\/p>\n","protected":false},"author":1,"featured_media":182,"parent":46,"menu_order":0,"comment_status":"closed","ping_status":"closed","template":"","meta":{"footnotes":""},"class_list":["post-72","page","type-page","status-publish","has-post-thumbnail","hentry"],"translation":{"provider":"WPGlobus","version":"3.0.2","language":"hu","enabled_languages":["en","hu"],"languages":{"en":{"title":true,"content":true,"excerpt":false},"hu":{"title":true,"content":true,"excerpt":false}}},"_links":{"self":[{"href":"https:\/\/deri.hu\/hu\/wp-json\/wp\/v2\/pages\/72","targetHints":{"allow":["GET"]}}],"collection":[{"href":"https:\/\/deri.hu\/hu\/wp-json\/wp\/v2\/pages"}],"about":[{"href":"https:\/\/deri.hu\/hu\/wp-json\/wp\/v2\/types\/page"}],"author":[{"embeddable":true,"href":"https:\/\/deri.hu\/hu\/wp-json\/wp\/v2\/users\/1"}],"replies":[{"embeddable":true,"href":"https:\/\/deri.hu\/hu\/wp-json\/wp\/v2\/comments?post=72"}],"version-history":[{"count":16,"href":"https:\/\/deri.hu\/hu\/wp-json\/wp\/v2\/pages\/72\/revisions"}],"predecessor-version":[{"id":643,"href":"https:\/\/deri.hu\/hu\/wp-json\/wp\/v2\/pages\/72\/revisions\/643"}],"up":[{"embeddable":true,"href":"https:\/\/deri.hu\/hu\/wp-json\/wp\/v2\/pages\/46"}],"wp:featuredmedia":[{"embeddable":true,"href":"https:\/\/deri.hu\/hu\/wp-json\/wp\/v2\/media\/182"}],"wp:attachment":[{"href":"https:\/\/deri.hu\/hu\/wp-json\/wp\/v2\/media?parent=72"}],"curies":[{"name":"wp","href":"https:\/\/api.w.org\/{rel}","templated":true}]}}