{"id":70,"date":"2015-06-04T03:28:02","date_gmt":"2015-06-04T07:28:02","guid":{"rendered":"http:\/\/35.156.82.69\/?page_id=70"},"modified":"2018-09-11T13:34:06","modified_gmt":"2018-09-11T11:34:06","slug":"litigation","status":"publish","type":"page","link":"https:\/\/deri.hu\/hu\/legal-services\/litigation\/","title":{"rendered":"Peres k\u00e9pviselet"},"content":{"rendered":"<p><img decoding=\"async\" src=\"https:\/\/www.deri.hu\/wp-content\/uploads\/2015\/06\/litigant.png\" alt=\"\" style=\"height:290px; width:635px;\" \/><\/p>\n<h4>Peres k\u00e9pviselet<\/h4>\n<p>Peres k\u00e9pviseletet els\u0151sorban azokban a t\u00e9m\u00e1kban v\u00e1llalunk el, ahol tud\u00e1sunk \u00e9s tapasztalatunk garanci\u00e1ja lehet annak, hogy \u00fcgyfel\u00fcnk (ak\u00e1r alperesi, ak\u00e1r felperesi poz\u00edci\u00f3ban) a perben sikeres lesz. A peres k\u00e9pviselet ma m\u00e1r nem egy\u00e9ni \u00fcgyv\u00e9di teljes\u00edtm\u00e9ny, hanem j\u00f3l szervezett csapatmunka, ahol az el\u0151k\u00e9sz\u00edt\u0151knek, a h\u00e1tt\u00e9rben dolgoz\u00f3knak ugyanolyan fontos a szerepe, mint annak az \u00fcgyv\u00e9dnek, aki a b\u00edr\u00f3s\u00e1g el\u00e9 \u00e1ll besz\u00e9det mondani. A peres k\u00e9pviselet munkad\u00edj\u00e1nak meg\u00e1llap\u00edt\u00e1sakor \u00fcgyfeleinkkel mind \u00f3rad\u00edjas, vagy fix rendszerben, mind sikerd\u00edjas rendszerben k\u00e9szek vagyunk meg\u00e1llapodni.<\/p>\n<p>B\u0171ntet\u0151 \u00fcgyekben gazdas\u00e1gi b\u0171ncselekm\u00e9nyekkel kapcsolatosan adunk jogi tan\u00e1csot \u00e9s l\u00e1tunk el b\u00edr\u00f3s\u00e1g el\u0151tti k\u00e9pviseletet.<\/p>\n","protected":false},"excerpt":{"rendered":"<p>Peres k\u00e9pviselet Peres k\u00e9pviseletet els\u0151sorban azokban a t\u00e9m\u00e1kban v\u00e1llalunk el, ahol tud\u00e1sunk \u00e9s tapasztalatunk garanci\u00e1ja lehet annak, hogy \u00fcgyfel\u00fcnk (ak\u00e1r alperesi, ak\u00e1r felperesi poz\u00edci\u00f3ban) a perben sikeres lesz. A peres k\u00e9pviselet ma m\u00e1r nem egy\u00e9ni \u00fcgyv\u00e9di teljes\u00edtm\u00e9ny, hanem j\u00f3l szervezett csapatmunka, ahol az el\u0151k\u00e9sz\u00edt\u0151knek, a h\u00e1tt\u00e9rben dolgoz\u00f3knak ugyanolyan fontos a szerepe, mint annak az \u00fcgyv\u00e9dnek, [&hellip;]<\/p>\n","protected":false},"author":1,"featured_media":0,"parent":46,"menu_order":0,"comment_status":"closed","ping_status":"closed","template":"","meta":{"footnotes":""},"class_list":["post-70","page","type-page","status-publish","hentry"],"translation":{"provider":"WPGlobus","version":"3.0.2","language":"hu","enabled_languages":["en","hu"],"languages":{"en":{"title":true,"content":true,"excerpt":false},"hu":{"title":true,"content":true,"excerpt":false}}},"_links":{"self":[{"href":"https:\/\/deri.hu\/hu\/wp-json\/wp\/v2\/pages\/70","targetHints":{"allow":["GET"]}}],"collection":[{"href":"https:\/\/deri.hu\/hu\/wp-json\/wp\/v2\/pages"}],"about":[{"href":"https:\/\/deri.hu\/hu\/wp-json\/wp\/v2\/types\/page"}],"author":[{"embeddable":true,"href":"https:\/\/deri.hu\/hu\/wp-json\/wp\/v2\/users\/1"}],"replies":[{"embeddable":true,"href":"https:\/\/deri.hu\/hu\/wp-json\/wp\/v2\/comments?post=70"}],"version-history":[{"count":14,"href":"https:\/\/deri.hu\/hu\/wp-json\/wp\/v2\/pages\/70\/revisions"}],"predecessor-version":[{"id":637,"href":"https:\/\/deri.hu\/hu\/wp-json\/wp\/v2\/pages\/70\/revisions\/637"}],"up":[{"embeddable":true,"href":"https:\/\/deri.hu\/hu\/wp-json\/wp\/v2\/pages\/46"}],"wp:attachment":[{"href":"https:\/\/deri.hu\/hu\/wp-json\/wp\/v2\/media?parent=70"}],"curies":[{"name":"wp","href":"https:\/\/api.w.org\/{rel}","templated":true}]}}