{"id":68,"date":"2015-06-04T03:25:34","date_gmt":"2015-06-04T07:25:34","guid":{"rendered":"http:\/\/35.156.82.69\/?page_id=68"},"modified":"2018-09-11T13:34:06","modified_gmt":"2018-09-11T11:34:06","slug":"property","status":"publish","type":"page","link":"https:\/\/deri.hu\/hu\/legal-services\/property\/","title":{"rendered":"Ingatlan"},"content":{"rendered":"<p><img decoding=\"async\" src=\"https:\/\/www.deri.hu\/wp-content\/uploads\/2015\/06\/propertyservice.png\" alt=\"\" style=\"height:290px; width:635px;\" \/>\t<\/p>\n<h4>Ingatlanjog<\/h4>\n<p>Az Ingatlanjog, mint klasszikus \u00fcgyv\u00e9di ter\u00fclet a mi irod\u00e1nk szolg\u00e1ltat\u00e1sai k\u00f6z\u00fcl is az egyik meghat\u00e1roz\u00f3. Els\u0151sorban kereskedelmi ingatlanokra szakosodtunk \u00e9s ezen a ter\u00fcleten aj\u00e1nlunk teljesk\u00f6r\u0171 szolg\u00e1ltat\u00e1st legyen az ad\u00e1sv\u00e9tel, b\u00e9rlet, vagy l\u00edzing, vagy projekt finansz\u00edroz\u00e1s, de term\u00e9szetesen csal\u00e1di h\u00e1zak, vagy magas kateg\u00f3ri\u00e1j\u00fa apartmanokkal kapcsolatosan is kiszolg\u00e1ljuk \u00fcgyfeleinket.<\/p>\n<p>Mez\u0151gazdas\u00e1gi f\u00f6ldek (sz\u00e1nt\u00f3k \u00e9s z\u00e1rtkertek) ad\u00e1sv\u00e9tel\u00e9ben is k\u00f6zrem\u0171k\u00f6d\u00fcnk, \u00e9s haszonb\u00e9rleti szerz\u0151d\u00e9seket is k\u00e9sz\u00edt\u00fcnk, illetve tan\u00e1csot adunk ebben a t\u00e9mak\u00f6rben \u00fcgyfeleinknek.<\/p>\n","protected":false},"excerpt":{"rendered":"<p>Ingatlanjog Az Ingatlanjog, mint klasszikus \u00fcgyv\u00e9di ter\u00fclet a mi irod\u00e1nk szolg\u00e1ltat\u00e1sai k\u00f6z\u00fcl is az egyik meghat\u00e1roz\u00f3. Els\u0151sorban kereskedelmi ingatlanokra szakosodtunk \u00e9s ezen a ter\u00fcleten aj\u00e1nlunk teljesk\u00f6r\u0171 szolg\u00e1ltat\u00e1st legyen az ad\u00e1sv\u00e9tel, b\u00e9rlet, vagy l\u00edzing, vagy projekt finansz\u00edroz\u00e1s, de term\u00e9szetesen csal\u00e1di h\u00e1zak, vagy magas kateg\u00f3ri\u00e1j\u00fa apartmanokkal kapcsolatosan is kiszolg\u00e1ljuk \u00fcgyfeleinket. Mez\u0151gazdas\u00e1gi f\u00f6ldek (sz\u00e1nt\u00f3k \u00e9s z\u00e1rtkertek) ad\u00e1sv\u00e9tel\u00e9ben is [&hellip;]<\/p>\n","protected":false},"author":1,"featured_media":0,"parent":46,"menu_order":0,"comment_status":"closed","ping_status":"closed","template":"","meta":{"footnotes":""},"class_list":["post-68","page","type-page","status-publish","hentry"],"translation":{"provider":"WPGlobus","version":"3.0.2","language":"hu","enabled_languages":["en","hu"],"languages":{"en":{"title":true,"content":true,"excerpt":false},"hu":{"title":true,"content":true,"excerpt":false}}},"_links":{"self":[{"href":"https:\/\/deri.hu\/hu\/wp-json\/wp\/v2\/pages\/68","targetHints":{"allow":["GET"]}}],"collection":[{"href":"https:\/\/deri.hu\/hu\/wp-json\/wp\/v2\/pages"}],"about":[{"href":"https:\/\/deri.hu\/hu\/wp-json\/wp\/v2\/types\/page"}],"author":[{"embeddable":true,"href":"https:\/\/deri.hu\/hu\/wp-json\/wp\/v2\/users\/1"}],"replies":[{"embeddable":true,"href":"https:\/\/deri.hu\/hu\/wp-json\/wp\/v2\/comments?post=68"}],"version-history":[{"count":15,"href":"https:\/\/deri.hu\/hu\/wp-json\/wp\/v2\/pages\/68\/revisions"}],"predecessor-version":[{"id":640,"href":"https:\/\/deri.hu\/hu\/wp-json\/wp\/v2\/pages\/68\/revisions\/640"}],"up":[{"embeddable":true,"href":"https:\/\/deri.hu\/hu\/wp-json\/wp\/v2\/pages\/46"}],"wp:attachment":[{"href":"https:\/\/deri.hu\/hu\/wp-json\/wp\/v2\/media?parent=68"}],"curies":[{"name":"wp","href":"https:\/\/api.w.org\/{rel}","templated":true}]}}