{"id":66,"date":"2015-06-04T03:20:57","date_gmt":"2015-06-04T07:20:57","guid":{"rendered":"http:\/\/35.156.82.69\/?page_id=66"},"modified":"2018-09-11T13:34:06","modified_gmt":"2018-09-11T11:34:06","slug":"compliance","status":"publish","type":"page","link":"https:\/\/deri.hu\/hu\/legal-services\/compliance\/","title":{"rendered":"Compliance"},"content":{"rendered":"<p><img decoding=\"async\" src=\"https:\/\/www.deri.hu\/wp-content\/uploads\/2015\/06\/Boat-Quay-Singapore1-1024x640.png\" alt=\"\" style=\"height:290px; width:635px;\" \/><\/p>\n<h4>Compliance<\/h4>\n<p>Ennek a szolg\u00e1ltat\u00e1snak neh\u00e9z a jelent\u00e9s\u00e9t egyetlen magyar sz\u00f3val kifejezni. Az \u00fan. regul\u00e1lt ipar\u00e1gakban (bankszektor, p\u00e9nz\u00fcgyi szolg\u00e1ltat\u00f3k, befektet\u00e9si alapok, biztos\u00edt\u00f3k, t\u00e1vk\u00f6zl\u00e9s, energetika stb.) rengeteg hazai \u00e9s \u00dani\u00f3s jogszab\u00e1lyi el\u0151\u00edr\u00e1snak kell megfelelni \u00e9s az ilyen ipar\u00e1gakban m\u0171k\u00f6d\u0151 c\u00e9gek bels\u0151 \u00e9s k\u00fcls\u0151 er\u0151forr\u00e1sokat vesznek ig\u00e9nybe ahhoz, hogy ezen k\u00f6telezetts\u00e9g\u00fcknek eleget tudjanak tenni. Irod\u00e1nk k\u00fcls\u0151 jogi tan\u00e1csad\u00f3k\u00e9nt aj\u00e1nlja szolg\u00e1ltat\u00e1sait az ilyen ipar\u00e1gakban m\u0171k\u00f6d\u0151 c\u00e9geknek els\u0151sorban a p\u00e9nz\u00fcgyi ter\u00fcleten. V\u00e9lem\u00e9ny\u00fcnkkel \u00e9s tan\u00e1csainkkal j\u00e1rulunk hozz\u00e1 ahhoz, hogy pl. az MNB, mint p\u00e9nz\u00fcgyi fel\u00fcgyeleti hat\u00f3s\u00e1g \u00fcgyfeleink m\u00f1k\u00f6d\u00e9s\u00e9t jogszab\u00e1lyszer\u0171nek min\u0151s\u00edtse \u00e9s fogadja el.<\/p>\n","protected":false},"excerpt":{"rendered":"<p>Compliance Ennek a szolg\u00e1ltat\u00e1snak neh\u00e9z a jelent\u00e9s\u00e9t egyetlen magyar sz\u00f3val kifejezni. Az \u00fan. regul\u00e1lt ipar\u00e1gakban (bankszektor, p\u00e9nz\u00fcgyi szolg\u00e1ltat\u00f3k, befektet\u00e9si alapok, biztos\u00edt\u00f3k, t\u00e1vk\u00f6zl\u00e9s, energetika stb.) rengeteg hazai \u00e9s \u00dani\u00f3s jogszab\u00e1lyi el\u0151\u00edr\u00e1snak kell megfelelni \u00e9s az ilyen ipar\u00e1gakban m\u0171k\u00f6d\u0151 c\u00e9gek bels\u0151 \u00e9s k\u00fcls\u0151 er\u0151forr\u00e1sokat vesznek ig\u00e9nybe ahhoz, hogy ezen k\u00f6telezetts\u00e9g\u00fcknek eleget tudjanak tenni. Irod\u00e1nk k\u00fcls\u0151 jogi tan\u00e1csad\u00f3k\u00e9nt [&hellip;]<\/p>\n","protected":false},"author":1,"featured_media":0,"parent":46,"menu_order":0,"comment_status":"closed","ping_status":"closed","template":"","meta":{"footnotes":""},"class_list":["post-66","page","type-page","status-publish","hentry"],"translation":{"provider":"WPGlobus","version":"3.0.2","language":"hu","enabled_languages":["en","hu"],"languages":{"en":{"title":true,"content":true,"excerpt":false},"hu":{"title":true,"content":true,"excerpt":false}}},"_links":{"self":[{"href":"https:\/\/deri.hu\/hu\/wp-json\/wp\/v2\/pages\/66","targetHints":{"allow":["GET"]}}],"collection":[{"href":"https:\/\/deri.hu\/hu\/wp-json\/wp\/v2\/pages"}],"about":[{"href":"https:\/\/deri.hu\/hu\/wp-json\/wp\/v2\/types\/page"}],"author":[{"embeddable":true,"href":"https:\/\/deri.hu\/hu\/wp-json\/wp\/v2\/users\/1"}],"replies":[{"embeddable":true,"href":"https:\/\/deri.hu\/hu\/wp-json\/wp\/v2\/comments?post=66"}],"version-history":[{"count":14,"href":"https:\/\/deri.hu\/hu\/wp-json\/wp\/v2\/pages\/66\/revisions"}],"predecessor-version":[{"id":628,"href":"https:\/\/deri.hu\/hu\/wp-json\/wp\/v2\/pages\/66\/revisions\/628"}],"up":[{"embeddable":true,"href":"https:\/\/deri.hu\/hu\/wp-json\/wp\/v2\/pages\/46"}],"wp:attachment":[{"href":"https:\/\/deri.hu\/hu\/wp-json\/wp\/v2\/media?parent=66"}],"curies":[{"name":"wp","href":"https:\/\/api.w.org\/{rel}","templated":true}]}}