{"id":61,"date":"2015-06-04T03:16:18","date_gmt":"2015-06-04T07:16:18","guid":{"rendered":"http:\/\/35.156.82.69\/?page_id=61"},"modified":"2018-09-11T13:34:06","modified_gmt":"2018-09-11T11:34:06","slug":"labour","status":"publish","type":"page","link":"https:\/\/deri.hu\/hu\/legal-services\/labour\/","title":{"rendered":"Munkajog"},"content":{"rendered":"<p><img decoding=\"async\" style=\"height: 290px; width: 635px;\" src=\"https:\/\/www.deri.hu\/wp-content\/uploads\/2015\/06\/bg-toronto-labour-law-firms.png\" alt=\"\" \/><\/p>\n<h4>Munkajog<\/h4>\n<p>A Munkajogi tan\u00e1csad\u00e1sunk els\u0151sorban a vezet\u0151 \u00e1ll\u00e1s\u00fa dolgoz\u00f3k, valamint a vezet\u0151 tiszts\u00e9gvisel\u0151k r\u00e9sz\u00e9re ny\u00fajtott tan\u00e1csad\u00e1st \u00e9s a multinacion\u00e1lis \u00fcgyfeleink r\u00e9sz\u00e9re ny\u00fajtott munkajogi szolg\u00e1ltat\u00e1sokat foglalja mag\u00e1ban. Egyedi vezet\u0151i munkaszerz\u0151d\u00e9seket k\u00e9sz\u00edt\u00fcnk, v\u00e9lem\u00e9nyez\u00fcnk, jogi tan\u00e1csot adunk a munk\u00e1ltat\u00f3knak elbocs\u00e1t\u00e1si helyzetekben, legyen az egyedi, vagy csoportos l\u00e9tsz\u00e1mle\u00e9p\u00edt\u00e9s. A magyar managereket k\u00fclf\u00f6ldi munkav\u00e1llal\u00e1sukkal kapcsolatosan \u00e1ltal\u00e1nos tan\u00e1csokkal seg\u00edtj\u00fck.<\/p>\n","protected":false},"excerpt":{"rendered":"<p>Munkajog A Munkajogi tan\u00e1csad\u00e1sunk els\u0151sorban a vezet\u0151 \u00e1ll\u00e1s\u00fa dolgoz\u00f3k, valamint a vezet\u0151 tiszts\u00e9gvisel\u0151k r\u00e9sz\u00e9re ny\u00fajtott tan\u00e1csad\u00e1st \u00e9s a multinacion\u00e1lis \u00fcgyfeleink r\u00e9sz\u00e9re ny\u00fajtott munkajogi szolg\u00e1ltat\u00e1sokat foglalja mag\u00e1ban. Egyedi vezet\u0151i munkaszerz\u0151d\u00e9seket k\u00e9sz\u00edt\u00fcnk, v\u00e9lem\u00e9nyez\u00fcnk, jogi tan\u00e1csot adunk a munk\u00e1ltat\u00f3knak elbocs\u00e1t\u00e1si helyzetekben, legyen az egyedi, vagy csoportos l\u00e9tsz\u00e1mle\u00e9p\u00edt\u00e9s. A magyar managereket k\u00fclf\u00f6ldi munkav\u00e1llal\u00e1sukkal kapcsolatosan \u00e1ltal\u00e1nos tan\u00e1csokkal seg\u00edtj\u00fck.<\/p>\n","protected":false},"author":1,"featured_media":0,"parent":46,"menu_order":0,"comment_status":"closed","ping_status":"closed","template":"","meta":{"footnotes":""},"class_list":["post-61","page","type-page","status-publish","hentry"],"translation":{"provider":"WPGlobus","version":"3.0.2","language":"hu","enabled_languages":["en","hu"],"languages":{"en":{"title":true,"content":true,"excerpt":false},"hu":{"title":true,"content":true,"excerpt":false}}},"_links":{"self":[{"href":"https:\/\/deri.hu\/hu\/wp-json\/wp\/v2\/pages\/61","targetHints":{"allow":["GET"]}}],"collection":[{"href":"https:\/\/deri.hu\/hu\/wp-json\/wp\/v2\/pages"}],"about":[{"href":"https:\/\/deri.hu\/hu\/wp-json\/wp\/v2\/types\/page"}],"author":[{"embeddable":true,"href":"https:\/\/deri.hu\/hu\/wp-json\/wp\/v2\/users\/1"}],"replies":[{"embeddable":true,"href":"https:\/\/deri.hu\/hu\/wp-json\/wp\/v2\/comments?post=61"}],"version-history":[{"count":18,"href":"https:\/\/deri.hu\/hu\/wp-json\/wp\/v2\/pages\/61\/revisions"}],"predecessor-version":[{"id":635,"href":"https:\/\/deri.hu\/hu\/wp-json\/wp\/v2\/pages\/61\/revisions\/635"}],"up":[{"embeddable":true,"href":"https:\/\/deri.hu\/hu\/wp-json\/wp\/v2\/pages\/46"}],"wp:attachment":[{"href":"https:\/\/deri.hu\/hu\/wp-json\/wp\/v2\/media?parent=61"}],"curies":[{"name":"wp","href":"https:\/\/api.w.org\/{rel}","templated":true}]}}