{"id":59,"date":"2015-06-04T03:13:46","date_gmt":"2015-06-04T01:13:46","guid":{"rendered":"http:\/\/35.156.82.69\/?page_id=59"},"modified":"2018-09-11T13:34:06","modified_gmt":"2018-09-11T11:34:06","slug":"tax","status":"publish","type":"page","link":"https:\/\/deri.hu\/hu\/legal-services\/tax\/","title":{"rendered":"Ad\u00f3jog"},"content":{"rendered":"<p><img decoding=\"async\" src=\"https:\/\/www.deri.hu\/wp-content\/uploads\/2015\/06\/WP_20150608_009.png\" alt=\"\" style=\"height:290px; width:635px;\" \/>\t<\/p>\n<h4>Ad\u00f3jog<\/h4>\n<p>Az ad\u00f3jog fontos ter\u00fclete irod\u00e1nk tev\u00e9kenys\u00e9g\u00e9nek. V\u00e9lem\u00e9nyeket, \u00e1ll\u00e1sfoglal\u00e1sokat k\u00e9sz\u00edt\u00fcnk \u00e9s beszerz\u00fcnk az ad\u00f3hat\u00f3s\u00e1gokt\u00f3l az \u00fcgyf\u00e9l k\u00e9r\u00e9s\u00e9re. A t\u00e1rsas\u00e1gi ad\u00f3, az \u00c1FA, a k\u00fcl\u00f6nb\u00f6z\u0151 illet\u00e9kek \u00e9s az ezekkel kapcsolatos ad\u00f3perek \u00e1llnak a szolg\u00e1ltat\u00e1saink k\u00f6z\u00e9ppontj\u00e1ban. Az ad\u00f3perekben sok esetben k\u00f6nyvvizsg\u00e1l\u00f3kkal egy\u00fctt dolgozunk az\u00e9rt, hogy az \u00fcgyfel\u00fcnkkel szemben meg\u00e1llap\u00edtott ad\u00f3hi\u00e1nyt, valamint b\u00edrs\u00e1got a b\u00edr\u00f3s\u00e1g m\u00e9rs\u00e9kelje, vagy t\u00f6r\u00f6lje el.<\/p>\n","protected":false},"excerpt":{"rendered":"<p>Ad\u00f3jog Az ad\u00f3jog fontos ter\u00fclete irod\u00e1nk tev\u00e9kenys\u00e9g\u00e9nek. V\u00e9lem\u00e9nyeket, \u00e1ll\u00e1sfoglal\u00e1sokat k\u00e9sz\u00edt\u00fcnk \u00e9s beszerz\u00fcnk az ad\u00f3hat\u00f3s\u00e1gokt\u00f3l az \u00fcgyf\u00e9l k\u00e9r\u00e9s\u00e9re. A t\u00e1rsas\u00e1gi ad\u00f3, az \u00c1FA, a k\u00fcl\u00f6nb\u00f6z\u0151 illet\u00e9kek \u00e9s az ezekkel kapcsolatos ad\u00f3perek \u00e1llnak a szolg\u00e1ltat\u00e1saink k\u00f6z\u00e9ppontj\u00e1ban. Az ad\u00f3perekben sok esetben k\u00f6nyvvizsg\u00e1l\u00f3kkal egy\u00fctt dolgozunk az\u00e9rt, hogy az \u00fcgyfel\u00fcnkkel szemben meg\u00e1llap\u00edtott ad\u00f3hi\u00e1nyt, valamint b\u00edrs\u00e1got a b\u00edr\u00f3s\u00e1g m\u00e9rs\u00e9kelje, vagy t\u00f6r\u00f6lje [&hellip;]<\/p>\n","protected":false},"author":1,"featured_media":0,"parent":46,"menu_order":0,"comment_status":"closed","ping_status":"closed","template":"","meta":{"footnotes":""},"class_list":["post-59","page","type-page","status-publish","hentry"],"translation":{"provider":"WPGlobus","version":"3.0.2","language":"hu","enabled_languages":["en","hu"],"languages":{"en":{"title":true,"content":true,"excerpt":false},"hu":{"title":true,"content":true,"excerpt":false}}},"_links":{"self":[{"href":"https:\/\/deri.hu\/hu\/wp-json\/wp\/v2\/pages\/59","targetHints":{"allow":["GET"]}}],"collection":[{"href":"https:\/\/deri.hu\/hu\/wp-json\/wp\/v2\/pages"}],"about":[{"href":"https:\/\/deri.hu\/hu\/wp-json\/wp\/v2\/types\/page"}],"author":[{"embeddable":true,"href":"https:\/\/deri.hu\/hu\/wp-json\/wp\/v2\/users\/1"}],"replies":[{"embeddable":true,"href":"https:\/\/deri.hu\/hu\/wp-json\/wp\/v2\/comments?post=59"}],"version-history":[{"count":23,"href":"https:\/\/deri.hu\/hu\/wp-json\/wp\/v2\/pages\/59\/revisions"}],"predecessor-version":[{"id":644,"href":"https:\/\/deri.hu\/hu\/wp-json\/wp\/v2\/pages\/59\/revisions\/644"}],"up":[{"embeddable":true,"href":"https:\/\/deri.hu\/hu\/wp-json\/wp\/v2\/pages\/46"}],"wp:attachment":[{"href":"https:\/\/deri.hu\/hu\/wp-json\/wp\/v2\/media?parent=59"}],"curies":[{"name":"wp","href":"https:\/\/api.w.org\/{rel}","templated":true}]}}