{"id":52,"date":"2015-06-04T02:49:46","date_gmt":"2015-06-04T06:49:46","guid":{"rendered":"http:\/\/35.156.82.69\/?page_id=52"},"modified":"2018-09-11T13:34:06","modified_gmt":"2018-09-11T11:34:06","slug":"ma","status":"publish","type":"page","link":"https:\/\/deri.hu\/hu\/legal-services\/ma\/","title":{"rendered":"Akviz\u00ed\u00adci\u00f3k"},"content":{"rendered":"<p><img decoding=\"async\" style=\"height: 290px; width: 635px;\" src=\"https:\/\/www.deri.hu\/wp-content\/uploads\/2015\/06\/1424967501.png\" alt=\"\" \/><\/p>\n<h4>Akviz\u00edci\u00f3k<\/h4>\n<p>Irod\u00e1nk t\u00e1rsas\u00e1gok megv\u00e1s\u00e1rl\u00e1s\u00e1val kapcsolatos teljesk\u00f6r\u0171 szolg\u00e1ltat\u00e1st ny\u00fajt a jogi \u00e1tvil\u00e1g\u00edt\u00e1st\u00f3l (Due diligence), a sz\u00e1nd\u00e9knyilatkozatok (LOI) k\u00e9sz\u00edt\u00e9s\u00e9n \u00e1t az akviz\u00edci\u00f3s szerz\u0151d\u00e9sek \u00e9s egy\u00e9b dokumentumok elk\u00e9sz\u00edt\u00e9s\u00e9ig magyar \u00e9s angol nyelven. <\/p>\n<p>Irod\u00e1nk az elm\u00falt \u00e9vtizedekben komoly tapasztalatot szerzett a legk\u00fcl\u00f6nb\u00f6z\u0151bb ipar\u00e1gakban \u00e9s m\u00e9lt\u00e1n tartja mag\u00e1t ebb\u0151l a szempontb\u00f3l akviz\u00edci\u00f3 specialist\u00e1nak. \u00dcgyfeleink \u00e1ltal\u00e1ban a multinacion\u00e1lis v\u00e1llalatok k\u00f6z\u00fcl ker\u00fcltek ki, de szolg\u00e1ltat\u00e1sunkat a magyar KKV \u00fcgyfeleinknek is aj\u00e1nlani tudjuk versenyk\u00e9pes \u00e1rakon. <\/p>\n","protected":false},"excerpt":{"rendered":"<p>Akviz\u00edci\u00f3k Irod\u00e1nk t\u00e1rsas\u00e1gok megv\u00e1s\u00e1rl\u00e1s\u00e1val kapcsolatos teljesk\u00f6r\u0171 szolg\u00e1ltat\u00e1st ny\u00fajt a jogi \u00e1tvil\u00e1g\u00edt\u00e1st\u00f3l (Due diligence), a sz\u00e1nd\u00e9knyilatkozatok (LOI) k\u00e9sz\u00edt\u00e9s\u00e9n \u00e1t az akviz\u00edci\u00f3s szerz\u0151d\u00e9sek \u00e9s egy\u00e9b dokumentumok elk\u00e9sz\u00edt\u00e9s\u00e9ig magyar \u00e9s angol nyelven. Irod\u00e1nk az elm\u00falt \u00e9vtizedekben komoly tapasztalatot szerzett a legk\u00fcl\u00f6nb\u00f6z\u0151bb ipar\u00e1gakban \u00e9s m\u00e9lt\u00e1n tartja mag\u00e1t ebb\u0151l a szempontb\u00f3l akviz\u00edci\u00f3 specialist\u00e1nak. \u00dcgyfeleink \u00e1ltal\u00e1ban a multinacion\u00e1lis v\u00e1llalatok k\u00f6z\u00fcl ker\u00fcltek [&hellip;]<\/p>\n","protected":false},"author":1,"featured_media":0,"parent":46,"menu_order":0,"comment_status":"closed","ping_status":"closed","template":"","meta":{"footnotes":""},"class_list":["post-52","page","type-page","status-publish","hentry"],"translation":{"provider":"WPGlobus","version":"3.0.2","language":"hu","enabled_languages":["en","hu"],"languages":{"en":{"title":true,"content":true,"excerpt":false},"hu":{"title":true,"content":true,"excerpt":false}}},"_links":{"self":[{"href":"https:\/\/deri.hu\/hu\/wp-json\/wp\/v2\/pages\/52","targetHints":{"allow":["GET"]}}],"collection":[{"href":"https:\/\/deri.hu\/hu\/wp-json\/wp\/v2\/pages"}],"about":[{"href":"https:\/\/deri.hu\/hu\/wp-json\/wp\/v2\/types\/page"}],"author":[{"embeddable":true,"href":"https:\/\/deri.hu\/hu\/wp-json\/wp\/v2\/users\/1"}],"replies":[{"embeddable":true,"href":"https:\/\/deri.hu\/hu\/wp-json\/wp\/v2\/comments?post=52"}],"version-history":[{"count":15,"href":"https:\/\/deri.hu\/hu\/wp-json\/wp\/v2\/pages\/52\/revisions"}],"predecessor-version":[{"id":54,"href":"https:\/\/deri.hu\/hu\/wp-json\/wp\/v2\/pages\/52\/revisions\/54"}],"up":[{"embeddable":true,"href":"https:\/\/deri.hu\/hu\/wp-json\/wp\/v2\/pages\/46"}],"wp:attachment":[{"href":"https:\/\/deri.hu\/hu\/wp-json\/wp\/v2\/media?parent=52"}],"curies":[{"name":"wp","href":"https:\/\/api.w.org\/{rel}","templated":true}]}}