{"id":506,"date":"2015-10-15T10:24:41","date_gmt":"2015-10-15T08:24:41","guid":{"rendered":"http:\/\/35.156.82.69\/?page_id=506"},"modified":"2019-10-24T14:42:35","modified_gmt":"2019-10-24T12:42:35","slug":"clients","status":"publish","type":"page","link":"https:\/\/deri.hu\/hu\/clients\/","title":{"rendered":"\u00dcgyfelek"},"content":{"rendered":"<p>Ez az oldal tartalmazza a nev\u00e9t n\u00e9h\u00e1ny kor\u00e1bbi \u00e9s jelenlegi multinacion\u00e1lis \u00fcgyfel\u00fcnknek.<\/p>\n<p>Aberdeen Asset Management<br \/>\nBMW<br \/>\nCredit Suisse<br \/>\nDiamond Electric<br \/>\nEmaar<br \/>\nFAG<br \/>\nGE<br \/>\nHyundai<br \/>\nItella<br \/>\nJabil<br \/>\nKPMG<br \/>\nLidl<br \/>\nMitsubishi<br \/>\nNissan<br \/>\nOMRON<br \/>\nPMP Auto<br \/>\nQuadriga<br \/>\nRitchie Bros.<br \/>\nSamsung<br \/>\nToyota Finance<br \/>\nUBS<br \/>\nVitafoam<br \/>\nZ<br \/>\nYahoo<br \/>\nWinthertur<\/p>\n","protected":false},"excerpt":{"rendered":"<p>Ez az oldal tartalmazza a nev\u00e9t n\u00e9h\u00e1ny kor\u00e1bbi \u00e9s jelenlegi multinacion\u00e1lis \u00fcgyfel\u00fcnknek. Aberdeen Asset Management BMW Credit Suisse Diamond Electric Emaar FAG GE Hyundai Itella Jabil KPMG Lidl Mitsubishi Nissan OMRON PMP Auto Quadriga Ritchie Bros. Samsung Toyota Finance UBS Vitafoam Z Yahoo Winthertur<\/p>\n","protected":false},"author":1,"featured_media":0,"parent":0,"menu_order":0,"comment_status":"closed","ping_status":"closed","template":"","meta":{"footnotes":""},"class_list":["post-506","page","type-page","status-publish","hentry"],"translation":{"provider":"WPGlobus","version":"3.0.2","language":"hu","enabled_languages":["en","hu"],"languages":{"en":{"title":true,"content":true,"excerpt":false},"hu":{"title":true,"content":true,"excerpt":false}}},"_links":{"self":[{"href":"https:\/\/deri.hu\/hu\/wp-json\/wp\/v2\/pages\/506","targetHints":{"allow":["GET"]}}],"collection":[{"href":"https:\/\/deri.hu\/hu\/wp-json\/wp\/v2\/pages"}],"about":[{"href":"https:\/\/deri.hu\/hu\/wp-json\/wp\/v2\/types\/page"}],"author":[{"embeddable":true,"href":"https:\/\/deri.hu\/hu\/wp-json\/wp\/v2\/users\/1"}],"replies":[{"embeddable":true,"href":"https:\/\/deri.hu\/hu\/wp-json\/wp\/v2\/comments?post=506"}],"version-history":[{"count":8,"href":"https:\/\/deri.hu\/hu\/wp-json\/wp\/v2\/pages\/506\/revisions"}],"predecessor-version":[{"id":662,"href":"https:\/\/deri.hu\/hu\/wp-json\/wp\/v2\/pages\/506\/revisions\/662"}],"wp:attachment":[{"href":"https:\/\/deri.hu\/hu\/wp-json\/wp\/v2\/media?parent=506"}],"curies":[{"name":"wp","href":"https:\/\/api.w.org\/{rel}","templated":true}]}}