{"id":48,"date":"2015-06-04T02:39:47","date_gmt":"2015-06-04T06:39:47","guid":{"rendered":"http:\/\/35.156.82.69\/?page_id=48"},"modified":"2018-09-11T13:34:06","modified_gmt":"2018-09-11T11:34:06","slug":"corporate","status":"publish","type":"page","link":"https:\/\/deri.hu\/hu\/legal-services\/corporate\/","title":{"rendered":"T\u00e1rsas\u00e1gi Jog"},"content":{"rendered":"<p><img decoding=\"async\" style=\"height: 290px; width: 635px;\" src=\"https:\/\/www.deri.hu\/wp-content\/uploads\/2015\/06\/WP_20150608_005.png\" alt=\"\" \/><\/p>\n<h4>T\u00e1rsas\u00e1gi Jog<\/h4>\n<p>Irod\u00e1nk a t\u00e1rsas\u00e1gi jog teljes spektrum\u00e1ban aj\u00e1nlja szolg\u00e1ltat\u00e1sait. \u00dczletr\u00e9sz \u00e9s r\u00e9szv\u00e9ny \u00e1truh\u00e1z\u00e1si szerz\u0151d\u00e9seket k\u00e9sz\u00edt\u00fcnk, kisebb \u00e9s k\u00f6zepes tranzakci\u00f3kat bonyol\u00edtunk a vev\u0151 vagy az elad\u00f3 megb\u00edz\u00e1s\u00e1b\u00f3l. Kisebbs\u00e9gv\u00e9delem ter\u00fclet\u00e9n adunk jogi tan\u00e1csot \u00e9s szolg\u00e1ltat\u00e1sunkkal seg\u00edtj\u00fck a kisebbs\u00e9get, hogy c\u00e9ljait a t\u00f6bbs\u00e9ggel szemben megval\u00f3s\u00edthassa, illetve \u00e9rdekeit \u00e9rv\u00e9nyes\u00edthesse. K\u00fclf\u00f6ld\u00f6n befektet\u0151 magyar v\u00e1llalkoz\u00f3knak adunk jogi tan\u00e1csot a k\u00fclf\u00f6ldi c\u00e9galap\u00edt\u00e1sokkal kapcsolatosan, illetve nemzetk\u00f6zi kapcsolataink r\u00e9v\u00e9n seg\u00edt\u00fcnk nekik elindulni, ha megoldhatatlannak t\u0171n\u0151 probl\u00e9m\u00e1ba botlanak k\u00fclf\u00f6ld\u00f6n.<\/p>\n<p>V\u00e9gelsz\u00e1mol\u00e1sokat seg\u00edt\u00fcnk v\u00e9gigvinni, felsz\u00e1mol\u00e1sokban k\u00e9pviselj\u00fck a hitelez\u0151ket \u00e9s seg\u00edt\u00fcnk nekik, hogy beragadt k\u00f6vetel\u00e9s\u00fcket az ad\u00f3s t\u00e1rsas\u00e1gon k\u00edv\u00fcl az ad\u00f3s vezet\u0151i, illetve t\u00f6bbs\u00e9gi tulajdonosai ellen is \u00e9rv\u00e9nyes\u00edteni tudj\u00e1k, hiszen \u00edgy megn\u00f6vekednek a megt\u00e9r\u00fcl\u00e9s es\u00e9lyei.<\/p>\n","protected":false},"excerpt":{"rendered":"<p>T\u00e1rsas\u00e1gi Jog Irod\u00e1nk a t\u00e1rsas\u00e1gi jog teljes spektrum\u00e1ban aj\u00e1nlja szolg\u00e1ltat\u00e1sait. \u00dczletr\u00e9sz \u00e9s r\u00e9szv\u00e9ny \u00e1truh\u00e1z\u00e1si szerz\u0151d\u00e9seket k\u00e9sz\u00edt\u00fcnk, kisebb \u00e9s k\u00f6zepes tranzakci\u00f3kat bonyol\u00edtunk a vev\u0151 vagy az elad\u00f3 megb\u00edz\u00e1s\u00e1b\u00f3l. Kisebbs\u00e9gv\u00e9delem ter\u00fclet\u00e9n adunk jogi tan\u00e1csot \u00e9s szolg\u00e1ltat\u00e1sunkkal seg\u00edtj\u00fck a kisebbs\u00e9get, hogy c\u00e9ljait a t\u00f6bbs\u00e9ggel szemben megval\u00f3s\u00edthassa, illetve \u00e9rdekeit \u00e9rv\u00e9nyes\u00edthesse. K\u00fclf\u00f6ld\u00f6n befektet\u0151 magyar v\u00e1llalkoz\u00f3knak adunk jogi tan\u00e1csot a k\u00fclf\u00f6ldi [&hellip;]<\/p>\n","protected":false},"author":1,"featured_media":0,"parent":46,"menu_order":0,"comment_status":"closed","ping_status":"closed","template":"","meta":{"footnotes":""},"class_list":["post-48","page","type-page","status-publish","hentry"],"translation":{"provider":"WPGlobus","version":"3.0.2","language":"hu","enabled_languages":["en","hu"],"languages":{"en":{"title":true,"content":true,"excerpt":false},"hu":{"title":true,"content":true,"excerpt":false}}},"_links":{"self":[{"href":"https:\/\/deri.hu\/hu\/wp-json\/wp\/v2\/pages\/48","targetHints":{"allow":["GET"]}}],"collection":[{"href":"https:\/\/deri.hu\/hu\/wp-json\/wp\/v2\/pages"}],"about":[{"href":"https:\/\/deri.hu\/hu\/wp-json\/wp\/v2\/types\/page"}],"author":[{"embeddable":true,"href":"https:\/\/deri.hu\/hu\/wp-json\/wp\/v2\/users\/1"}],"replies":[{"embeddable":true,"href":"https:\/\/deri.hu\/hu\/wp-json\/wp\/v2\/comments?post=48"}],"version-history":[{"count":19,"href":"https:\/\/deri.hu\/hu\/wp-json\/wp\/v2\/pages\/48\/revisions"}],"predecessor-version":[{"id":631,"href":"https:\/\/deri.hu\/hu\/wp-json\/wp\/v2\/pages\/48\/revisions\/631"}],"up":[{"embeddable":true,"href":"https:\/\/deri.hu\/hu\/wp-json\/wp\/v2\/pages\/46"}],"wp:attachment":[{"href":"https:\/\/deri.hu\/hu\/wp-json\/wp\/v2\/media?parent=48"}],"curies":[{"name":"wp","href":"https:\/\/api.w.org\/{rel}","templated":true}]}}