{"id":44,"date":"2015-06-04T02:24:05","date_gmt":"2015-06-04T06:24:05","guid":{"rendered":"http:\/\/35.156.82.69\/?page_id=44"},"modified":"2019-10-22T10:44:59","modified_gmt":"2019-10-22T08:44:59","slug":"about-us","status":"publish","type":"page","link":"https:\/\/deri.hu\/hu\/about-us\/","title":{"rendered":"R\u00f3lunk"},"content":{"rendered":"<p><img decoding=\"async\" style=\"height: 290px; width: 635px;\" src=\"https:\/\/www.deri.hu\/wp-content\/uploads\/2015\/06\/WP_20150608_021.png\" alt=\"\" \/><\/p>\n<h4>R\u00f3lunk<\/h4>\n<p>A gazdas\u00e1gi jog ter\u00fclet\u00e9n aj\u00e1nljuk szolg\u00e1ltat\u00e1sainkat els\u0151sorban akviz\u00edci\u00f3k, t\u00e1rsas\u00e1gi jog, hat\u00e1ron \u00e1tny\u00fal\u00f3 tranzakci\u00f3k, reorganiz\u00e1ci\u00f3k, kereskedelmi \u00e9s egy\u00e9b ingatlanok, projekt finansz\u00edroz\u00e1s, ad\u00f3\u00fcgyek, kereskedelem \u00e9s p\u00e9nz\u00fcgyek, v\u00e1lasztottb\u00edr\u00f3s\u00e1g \u00e9s egy\u00e9b peres, illetve nemperes k\u00e9pviselet, cs\u0151d \u00e9s felsz\u00e1mol\u00e1s t\u00e9mak\u00f6rben.<\/p>\n<p>H\u00edvhat minket a k\u00f6vetkez\u0151 telefonsz\u00e1mon: +36 20 944 7839<\/p>\n","protected":false},"excerpt":{"rendered":"<p>R\u00f3lunk A gazdas\u00e1gi jog ter\u00fclet\u00e9n aj\u00e1nljuk szolg\u00e1ltat\u00e1sainkat els\u0151sorban akviz\u00edci\u00f3k, t\u00e1rsas\u00e1gi jog, hat\u00e1ron \u00e1tny\u00fal\u00f3 tranzakci\u00f3k, reorganiz\u00e1ci\u00f3k, kereskedelmi \u00e9s egy\u00e9b ingatlanok, projekt finansz\u00edroz\u00e1s, ad\u00f3\u00fcgyek, kereskedelem \u00e9s p\u00e9nz\u00fcgyek, v\u00e1lasztottb\u00edr\u00f3s\u00e1g \u00e9s egy\u00e9b peres, illetve nemperes k\u00e9pviselet, cs\u0151d \u00e9s felsz\u00e1mol\u00e1s t\u00e9mak\u00f6rben. H\u00edvhat minket a k\u00f6vetkez\u0151 telefonsz\u00e1mon: +36 20 944 7839<\/p>\n","protected":false},"author":1,"featured_media":0,"parent":0,"menu_order":0,"comment_status":"closed","ping_status":"closed","template":"","meta":{"footnotes":""},"class_list":["post-44","page","type-page","status-publish","hentry"],"translation":{"provider":"WPGlobus","version":"3.0.2","language":"hu","enabled_languages":["en","hu"],"languages":{"en":{"title":true,"content":true,"excerpt":false},"hu":{"title":true,"content":true,"excerpt":false}}},"_links":{"self":[{"href":"https:\/\/deri.hu\/hu\/wp-json\/wp\/v2\/pages\/44","targetHints":{"allow":["GET"]}}],"collection":[{"href":"https:\/\/deri.hu\/hu\/wp-json\/wp\/v2\/pages"}],"about":[{"href":"https:\/\/deri.hu\/hu\/wp-json\/wp\/v2\/types\/page"}],"author":[{"embeddable":true,"href":"https:\/\/deri.hu\/hu\/wp-json\/wp\/v2\/users\/1"}],"replies":[{"embeddable":true,"href":"https:\/\/deri.hu\/hu\/wp-json\/wp\/v2\/comments?post=44"}],"version-history":[{"count":29,"href":"https:\/\/deri.hu\/hu\/wp-json\/wp\/v2\/pages\/44\/revisions"}],"predecessor-version":[{"id":658,"href":"https:\/\/deri.hu\/hu\/wp-json\/wp\/v2\/pages\/44\/revisions\/658"}],"wp:attachment":[{"href":"https:\/\/deri.hu\/hu\/wp-json\/wp\/v2\/media?parent=44"}],"curies":[{"name":"wp","href":"https:\/\/api.w.org\/{rel}","templated":true}]}}