{"id":159,"date":"2015-06-08T05:53:27","date_gmt":"2015-06-08T09:53:27","guid":{"rendered":"http:\/\/35.156.82.69\/?page_id=159"},"modified":"2018-09-11T13:34:06","modified_gmt":"2018-09-11T11:34:06","slug":"financial-advisory-services","status":"publish","type":"page","link":"https:\/\/deri.hu\/hu\/other-services\/financial-advisory-services\/","title":{"rendered":"P\u00e9nz\u00fcgyi Tan\u00e1csad\u00e1s"},"content":{"rendered":"<p><img decoding=\"async\" style=\"height: 290px; width: 635px;\" src=\"https:\/\/www.deri.hu\/wp-content\/uploads\/2015\/06\/BN-CV642_0519ap_P_20140518203346.png\" alt=\"\" \/><\/p>\n<h4>P\u00e9nz\u00fcgyi Tan\u00e1csad\u00e1s<\/h4>\n<p>A p\u00e9nz\u00fcgyi tan\u00e1csad\u00e1s keret\u00e9ben mag\u00e1n\u00fcgyfeleinknek aj\u00e1nljuk szolg\u00e1ltat\u00e1sunkat. Els\u0151sorban seg\u00edt\u00fcnk nekik \u00e9rtelmezni a komplex jogszab\u00e1lyi k\u00f6rnyezetet \u00e9s p\u00e9nz\u00fcgyi, befektet\u00e9si elk\u00e9pzel\u00e9seikhez prec\u00edz jogszab\u00e1ly\u00e9rtelmez\u00e9st ny\u00fajtani. Tan\u00e1csad\u00e1sunk soha nem vonatkozik konkr\u00e9t befektet\u00e9sek aj\u00e1nl\u00e1s\u00e1ra. Szolg\u00e1ltat\u00e1sunk azonban kiterjed a mag\u00e1n\u00fcgyf\u00e9l \u00e1ltal megv\u00e1s\u00e1rolni k\u00edv\u00e1nt befektet\u00e9s (legyen az r\u00e9szv\u00e9ny, egy\u00e9b \u00e9rt\u00e9kpap\u00edr, sz\u00e1rmaztatott \u00fcgylet, ingatlan, vagyoni \u00e9rt\u00e9k\u0171 jog megszerz\u00e9se (pl.\u00fcd\u00fcl\u00e9si jog stb) jogi kock\u00e1zatainak beazonos\u00edt\u00e1s\u00e1ra \u00e9s v\u00e9lem\u00e9nyez\u00e9s\u00e9re, valamint ismerve a mag\u00e1n\u00fcgyf\u00e9l szem\u00e9lyes vagyoni \u00e9s jogi k\u00f6r\u00fclm\u00e9nyeit, ezek \u00f6sszevet\u00e9s\u00e9t az \u00e1ltala megv\u00e1s\u00e1rolni k\u00edv\u00e1nt befektet\u00e9s kock\u00e1zataival. Ezen szolg\u00e1ltat\u00e1sunk alapvet\u0151en meghat\u00e1rozhatja a mag\u00e1n\u00fcgyfel\u00fcnk befektet\u00e9si d\u00f6nt\u00e9s\u00e9t.<\/p><\/p>\n","protected":false},"excerpt":{"rendered":"<p>P\u00e9nz\u00fcgyi Tan\u00e1csad\u00e1s A p\u00e9nz\u00fcgyi tan\u00e1csad\u00e1s keret\u00e9ben mag\u00e1n\u00fcgyfeleinknek aj\u00e1nljuk szolg\u00e1ltat\u00e1sunkat. Els\u0151sorban seg\u00edt\u00fcnk nekik \u00e9rtelmezni a komplex jogszab\u00e1lyi k\u00f6rnyezetet \u00e9s p\u00e9nz\u00fcgyi, befektet\u00e9si elk\u00e9pzel\u00e9seikhez prec\u00edz jogszab\u00e1ly\u00e9rtelmez\u00e9st ny\u00fajtani. Tan\u00e1csad\u00e1sunk soha nem vonatkozik konkr\u00e9t befektet\u00e9sek aj\u00e1nl\u00e1s\u00e1ra. Szolg\u00e1ltat\u00e1sunk azonban kiterjed a mag\u00e1n\u00fcgyf\u00e9l \u00e1ltal megv\u00e1s\u00e1rolni k\u00edv\u00e1nt befektet\u00e9s (legyen az r\u00e9szv\u00e9ny, egy\u00e9b \u00e9rt\u00e9kpap\u00edr, sz\u00e1rmaztatott \u00fcgylet, ingatlan, vagyoni \u00e9rt\u00e9k\u0171 jog megszerz\u00e9se (pl.\u00fcd\u00fcl\u00e9si jog stb) [&hellip;]<\/p>\n","protected":false},"author":1,"featured_media":0,"parent":164,"menu_order":0,"comment_status":"closed","ping_status":"closed","template":"","meta":{"footnotes":""},"class_list":["post-159","page","type-page","status-publish","hentry"],"translation":{"provider":"WPGlobus","version":"3.0.2","language":"hu","enabled_languages":["en","hu"],"languages":{"en":{"title":true,"content":true,"excerpt":false},"hu":{"title":true,"content":true,"excerpt":false}}},"_links":{"self":[{"href":"https:\/\/deri.hu\/hu\/wp-json\/wp\/v2\/pages\/159","targetHints":{"allow":["GET"]}}],"collection":[{"href":"https:\/\/deri.hu\/hu\/wp-json\/wp\/v2\/pages"}],"about":[{"href":"https:\/\/deri.hu\/hu\/wp-json\/wp\/v2\/types\/page"}],"author":[{"embeddable":true,"href":"https:\/\/deri.hu\/hu\/wp-json\/wp\/v2\/users\/1"}],"replies":[{"embeddable":true,"href":"https:\/\/deri.hu\/hu\/wp-json\/wp\/v2\/comments?post=159"}],"version-history":[{"count":13,"href":"https:\/\/deri.hu\/hu\/wp-json\/wp\/v2\/pages\/159\/revisions"}],"predecessor-version":[{"id":632,"href":"https:\/\/deri.hu\/hu\/wp-json\/wp\/v2\/pages\/159\/revisions\/632"}],"up":[{"embeddable":true,"href":"https:\/\/deri.hu\/hu\/wp-json\/wp\/v2\/pages\/164"}],"wp:attachment":[{"href":"https:\/\/deri.hu\/hu\/wp-json\/wp\/v2\/media?parent=159"}],"curies":[{"name":"wp","href":"https:\/\/api.w.org\/{rel}","templated":true}]}}